{"id":110,"date":"2018-12-09T17:12:12","date_gmt":"2018-12-09T15:12:12","guid":{"rendered":"http:\/\/www.juvesi.fi\/?page_id=110"},"modified":"2021-10-09T17:04:31","modified_gmt":"2021-10-09T15:04:31","slug":"lippukunta","status":"publish","type":"page","link":"http:\/\/www.juvesi.fi\/?page_id=110","title":{"rendered":"Lippukunta"},"content":{"rendered":"\n<p>Jukolan Veljet ja Siskot on partiolippukunta Nurmij\u00e4rven kirkonkyl\u00e4ll\u00e4. Lippukunnallamme on paljon perinteit\u00e4 ja pitk\u00e4 historia, mutta toiminta on nuorekasta ja j\u00e4rjest\u00e4mme paljon koko lippukunnan yhteisi\u00e4 tapahtumia, kuten lippukuntaretki\u00e4 ja leirej\u00e4 vuosittain.<\/p>\n\n\n\n<p>Lippukunnan historia ulottuu vuoteen 1929, jolloin poikalippukunta Jukolan Veljet perustettiin. Lippukunnan historiassa on ollut monenlaisia vaiheita, mutta nykyisin lippukunta on nuorekas ja toteuttaa monipuolisesti Suomen Partiolaisten partio-ohjelmaa. Toimintaa on kaiken ik\u00e4sille. Sudenpentuihin voi liitty\u00e4 koulun aloittaessaan, mutta jo nuoremmat ovat tervetulleita perhepartiotoimintaan.<\/p>\n\n\n\n<p>Partiotoimintamme sis\u00e4lt\u00e4\u00e4 monenlaisia partio-ohjelman aktiviteetteja <em>kolollamme\u00a0<\/em>eli kokoontumispaikassamme Nuorisotalon alakerrassa osoitteessa Pappilantie 3, ja sen pihapiiriss\u00e4. Lis\u00e4ksi liikumme paljon ulkona niin viikkotoiminnassa kuin retkill\u00e4 ja leireill\u00e4kin ymp\u00e4ri Nurmij\u00e4rve\u00e4 ja Uuttamaata. V\u00e4lill\u00e4 leirej\u00e4 tehd\u00e4\u00e4n kauemmaskin Suomeen ja isommat partiolaiset voivat osallistua my\u00f6s kansainv\u00e4lisille leirimatkoille.<br><\/p>\n\n\n\n<p><\/p>\n\n\n\n<blockquote class=\"wp-block-quote\"><p><strong>Ilvesj\u00e4rvi, Sonnim\u00e4ki<\/strong><br><strong>T\u00e4\u00e4lt\u00e4 tulee Jukolan v\u00e4ki!<br>JU &#8211; JU &#8211; JUVESI!<\/strong><\/p><cite>Jukolan Veljien ja Siskojen huuto<\/cite><\/blockquote>\n\n\n\n<p><\/p>\n","protected":false},"excerpt":{"rendered":"<p>Jukolan Veljet ja Siskot on partiolippukunta Nurmij\u00e4rven kirkonkyl\u00e4ll\u00e4. Lippukunnallamme on paljon perinteit\u00e4 ja pitk\u00e4 historia, mutta toiminta on nuorekasta ja j\u00e4rjest\u00e4mme paljon koko lippukunnan yhteisi\u00e4&#8230;<\/p>\n","protected":false},"author":2,"featured_media":0,"parent":0,"menu_order":0,"comment_status":"closed","ping_status":"closed","template":"","meta":{"_exactmetrics_skip_tracking":false,"_exactmetrics_sitenote_active":false,"_exactmetrics_sitenote_note":"","_exactmetrics_sitenote_category":0,"footnotes":""},"_links":{"self":[{"href":"http:\/\/www.juvesi.fi\/index.php?rest_route=\/wp\/v2\/pages\/110"}],"collection":[{"href":"http:\/\/www.juvesi.fi\/index.php?rest_route=\/wp\/v2\/pages"}],"about":[{"href":"http:\/\/www.juvesi.fi\/index.php?rest_route=\/wp\/v2\/types\/page"}],"author":[{"embeddable":true,"href":"http:\/\/www.juvesi.fi\/index.php?rest_route=\/wp\/v2\/users\/2"}],"replies":[{"embeddable":true,"href":"http:\/\/www.juvesi.fi\/index.php?rest_route=%2Fwp%2Fv2%2Fcomments&post=110"}],"version-history":[{"count":5,"href":"http:\/\/www.juvesi.fi\/index.php?rest_route=\/wp\/v2\/pages\/110\/revisions"}],"predecessor-version":[{"id":395,"href":"http:\/\/www.juvesi.fi\/index.php?rest_route=\/wp\/v2\/pages\/110\/revisions\/395"}],"wp:attachment":[{"href":"http:\/\/www.juvesi.fi\/index.php?rest_route=%2Fwp%2Fv2%2Fmedia&parent=110"}],"curies":[{"name":"wp","href":"https:\/\/api.w.org\/{rel}","templated":true}]}}