{"id":387,"date":"2021-10-09T16:56:05","date_gmt":"2021-10-09T14:56:05","guid":{"rendered":"http:\/\/www.juvesi.fi\/?page_id=387"},"modified":"2021-10-09T17:09:21","modified_gmt":"2021-10-09T15:09:21","slug":"historia","status":"publish","type":"page","link":"http:\/\/www.juvesi.fi\/?page_id=387","title":{"rendered":"Historia"},"content":{"rendered":"\n<p>Lippukunta Jukolan Veljet ja Siskot sai alkunsa vuonna 1929. Nurmij\u00e4rven seurakunnassa oli jo aikaisemmin 1920-luvulla perustettu tyt\u00f6ille ompeluseuroja, mutta poikaty\u00f6n ohjaajat puuttuivat. Poikien vapaa-ajan vietosta oltiin huolissaan. &#8221;T\u00e4n\u00e4 vuonna &#8212; on syntynyt muutamia (uusia) tytt\u00f6osastoja, mutta miss\u00e4 ovat pojat? Saavatko ne edelleenkin viett\u00e4\u00e4 vapaa-aikansa teill\u00e4 ja kujilla huonoissa seuroissa, oppimassa kaikkea pahaa. Eik\u00f6 l\u00f6ytyisi kyl\u00e4kunnissamme sellaisia henkil\u00f6it\u00e4, jotka ymm\u00e4rt\u00e4isiv\u00e4t poikien h\u00e4t\u00e4\u00e4, sill\u00e4 pojat ovat todellakin h\u00e4d\u00e4ss\u00e4&#8212;.&#8221;<\/p>\n\n\n\n<p>Ratkaisun poikaty\u00f6n k\u00e4ynnist\u00e4miseen toi nuoriso-ohjaajan palkkaaminen seurakuntaan syksyll\u00e4 1929. Partioty\u00f6 oli jo ilmeisesti k\u00e4ynnistynyt Nurmij\u00e4rven yhteiskoululaisten piiriss\u00e4 aikaisemmin samana syksyn\u00e4, mutta seurakunta ja papisto olivat partioty\u00f6n vahvoja tukijoita alusta alkaen. Jukolan Veljet hyv\u00e4ksyttiin Suomen Partioliittoon 7.12.1929.<\/p>\n\n\n\n<p>Ensimm\u00e4inen Nurmij\u00e4rvelle perustettu lippukunta oli siis tarkoitettu pojille, mutta tyt\u00f6t eiv\u00e4t pitk\u00e4\u00e4n tyytyneet vain seuraamaan vierest\u00e4 poikien touhuja. Vuonna 1931 perustettiin Nurmij\u00e4rvelle tytt\u00f6lippukunta Jukolan Siskot. Molempien lippukuntien painopiste oli kirkonkyl\u00e4ss\u00e4, mutta v\u00e4hitellen toiminta laajeni muihinkin kyliin.<\/p>\n\n\n\n<p>18.10.1979 perustettiin Nurmij\u00e4rvelle uusi lippukunta, kun poika- ja tytt\u00f6lippukunnat yhdistettiin Jukolan Veljet ja Siskot -nimiseksi yhteislippukunnaksi. 1980-luvulla uudelle lippukunnalle ryhdyttiin luomaan uusia tunnuksia. Ainoat olemassa olevat tunnukset olivat vuonna 1958 molemmille lippukunnille k\u00e4ytt\u00f6\u00f6n vihityt liput, jotka ovat lippukunnalla viel\u00e4kin k\u00e4yt\u00f6ss\u00e4. Huivista oli tiedossa vain, ett\u00e4 1930-luvulla oli ollut k\u00e4yt\u00f6ss\u00e4 sininen huivi, jossa oli ollut mustia ja keltaisia osia. Nykyisin k\u00e4yt\u00f6ss\u00e4 olevan tummansinisen huivin, jonka vasemmassa reunassa on musta kaistale ja oikeassa keltainen, ulkon\u00e4k\u00f6 m\u00e4\u00e4riteltiin 1980-luvun alussa. Lippukunnan 60-vuotisjuhlassa 1989 otettiin k\u00e4ytt\u00f6\u00f6n huivimerkki, jossa on tuohikontti ja sit\u00e4 ymp\u00e4r\u00f6iv\u00e4t seitsem\u00e4n t\u00e4hte\u00e4.<\/p>\n\n\n\n<p><\/p>\n\n\n\n<p><\/p>\n","protected":false},"excerpt":{"rendered":"<p>Lippukunta Jukolan Veljet ja Siskot sai alkunsa vuonna 1929. Nurmij\u00e4rven seurakunnassa oli jo aikaisemmin 1920-luvulla perustettu tyt\u00f6ille ompeluseuroja, mutta poikaty\u00f6n ohjaajat puuttuivat. Poikien vapaa-ajan vietosta&#8230;<\/p>\n","protected":false},"author":6,"featured_media":0,"parent":0,"menu_order":0,"comment_status":"closed","ping_status":"closed","template":"","meta":{"_exactmetrics_skip_tracking":false,"_exactmetrics_sitenote_active":false,"_exactmetrics_sitenote_note":"","_exactmetrics_sitenote_category":0,"footnotes":""},"_links":{"self":[{"href":"http:\/\/www.juvesi.fi\/index.php?rest_route=\/wp\/v2\/pages\/387"}],"collection":[{"href":"http:\/\/www.juvesi.fi\/index.php?rest_route=\/wp\/v2\/pages"}],"about":[{"href":"http:\/\/www.juvesi.fi\/index.php?rest_route=\/wp\/v2\/types\/page"}],"author":[{"embeddable":true,"href":"http:\/\/www.juvesi.fi\/index.php?rest_route=\/wp\/v2\/users\/6"}],"replies":[{"embeddable":true,"href":"http:\/\/www.juvesi.fi\/index.php?rest_route=%2Fwp%2Fv2%2Fcomments&post=387"}],"version-history":[{"count":2,"href":"http:\/\/www.juvesi.fi\/index.php?rest_route=\/wp\/v2\/pages\/387\/revisions"}],"predecessor-version":[{"id":396,"href":"http:\/\/www.juvesi.fi\/index.php?rest_route=\/wp\/v2\/pages\/387\/revisions\/396"}],"wp:attachment":[{"href":"http:\/\/www.juvesi.fi\/index.php?rest_route=%2Fwp%2Fv2%2Fmedia&parent=387"}],"curies":[{"name":"wp","href":"https:\/\/api.w.org\/{rel}","templated":true}]}}