{"id":397,"date":"2021-10-09T17:11:46","date_gmt":"2021-10-09T15:11:46","guid":{"rendered":"http:\/\/www.juvesi.fi\/?page_id=397"},"modified":"2023-10-24T11:48:16","modified_gmt":"2023-10-24T09:48:16","slug":"ansiomerkit","status":"publish","type":"page","link":"http:\/\/www.juvesi.fi\/?page_id=397","title":{"rendered":"Ansiomerkit"},"content":{"rendered":"\n<p><strong>JuVeSi standaari<\/strong><\/p>\n\n\n\n<p>Vuonna 1992 lippukunnalle hankittiin oma p\u00f6yt\u00e4standaari. Standaarin piirsi Ossi Kauppila, joka silloin oli lippukunnanjohtaja. Standaarissa toistuvat samat kuviot kuin lipussakin, vain v\u00e4ritys on hieman erilainen. Standaarin toisella puolella on poikien tunnus ja toisella tytt\u00f6jen tunnus. <\/p>\n\n\n\n<p>JuVeSi standaari my\u00f6nnet\u00e4\u00e4n henkil\u00f6lle tai organisaatiolle kiitoksena vuosia jatkuneesta ty\u00f6st\u00e4 lippukunnan hyv\u00e4ksi.<\/p>\n\n\n\n<p>1992<\/p>\n\n\n\n<p>Nurmij\u00e4rven Seurakunta<\/p>\n\n\n\n<p>Nurmij\u00e4rven Kunta<\/p>\n\n\n\n<p>Nurmij\u00e4rven Lionsklubi<\/p>\n\n\n\n<p>Nurmij\u00e4rven Lionsladyt<\/p>\n\n\n\n<p>1994<\/p>\n\n\n\n<p>Leena Walhlroos<\/p>\n\n\n\n<p>Jorma Havunlehto<\/p>\n\n\n\n<p>Hannele Sipil\u00e4<\/p>\n\n\n\n<p>1998<\/p>\n\n\n\n<p>Joni Paananen, Klapaset<\/p>\n\n\n\n<p>2019<\/p>\n\n\n\n<p>Ossi Kauppila<\/p>\n\n\n\n<p>Pirjo Saarela<\/p>\n\n\n\n<p>2020<\/p>\n\n\n\n<p>Pauli Kallonen<\/p>\n\n\n\n<p><strong>&#8221;Paras JuVeSi eli Parsi&#8221;<\/strong><\/p>\n\n\n\n<p>Parsi -merkin jakoperinne aloitettiin vuonna 2006. Merkin saa jokaisena vuonna lippukunnasta yksi tytt\u00f6 ja\/ tai yksi poika, jotka ovat osoittaneet toiminnallaan olevansa vuoden parhaita. <\/p>\n\n\n\n<p>&#8221;T\u00e4m\u00e4 henkil\u00f6 on aktiivisella toiminnallaan tehnyt merkitt\u00e4v\u00e4\u00e4 ty\u00f6t\u00e4 lippukuntamme hyv\u00e4ksi. H\u00e4n on panoksellaan osoittanut partiomaisuutta ja taannut itselleen ja monelle muulle mahdollisuuden harrastaa partiota. Kiitos&#8221;<\/p>\n\n\n\n<p>2006<\/p>\n\n\n\n<p>Eerika Halme ja Antti Reinikainen<\/p>\n\n\n\n<p>2007<\/p>\n\n\n\n<p>Suvi P\u00e4iv\u00e4kumpu ja Ville Martinsaari<\/p>\n\n\n\n<p>2008<\/p>\n\n\n\n<p>Hanne Sepp\u00e4 ja Ville Reinikainen<\/p>\n\n\n\n<p>2009<\/p>\n\n\n\n<p>Leila Kauppila ja Mikael Laitinen<\/p>\n\n\n\n<p>2010<\/p>\n\n\n\n<p>Jutta Pohjala<\/p>\n\n\n\n<p>2011<\/p>\n\n\n\n<p>Pirita Meskanen<\/p>\n\n\n\n<p>2012<\/p>\n\n\n\n<p>Camilla Heikkinen<\/p>\n\n\n\n<p>2013<\/p>\n\n\n\n<p>Jenna Kylm\u00e4nen<\/p>\n\n\n\n<p>2014<\/p>\n\n\n\n<p>Nea M\u00e4enp\u00e4\u00e4 ja Mikael Iskala<\/p>\n\n\n\n<p>2015<\/p>\n\n\n\n<p>Elina Kauppila<\/p>\n\n\n\n<p>2016<\/p>\n\n\n\n<p>Hanna Pohjala ja Henri Norring<\/p>\n\n\n\n<p>2017<\/p>\n\n\n\n<p>Elina Tuulensuu ja Petri Tuulensuu<\/p>\n\n\n\n<p>2018<\/p>\n\n\n\n<p>Minttu Palokangas<\/p>\n\n\n\n<p>2019<\/p>\n\n\n\n<p>Selja Tanskanen<\/p>\n\n\n\n<p>2020<\/p>\n\n\n\n<p>Carita Kanteleinen<\/p>\n","protected":false},"excerpt":{"rendered":"<p>JuVeSi standaari Vuonna 1992 lippukunnalle hankittiin oma p\u00f6yt\u00e4standaari. Standaarin piirsi Ossi Kauppila, joka silloin oli lippukunnanjohtaja. Standaarissa toistuvat samat kuviot kuin lipussakin, vain v\u00e4ritys on&#8230;<\/p>\n","protected":false},"author":6,"featured_media":0,"parent":0,"menu_order":0,"comment_status":"closed","ping_status":"closed","template":"","meta":{"_exactmetrics_skip_tracking":false,"_exactmetrics_sitenote_active":false,"_exactmetrics_sitenote_note":"","_exactmetrics_sitenote_category":0,"footnotes":""},"_links":{"self":[{"href":"http:\/\/www.juvesi.fi\/index.php?rest_route=\/wp\/v2\/pages\/397"}],"collection":[{"href":"http:\/\/www.juvesi.fi\/index.php?rest_route=\/wp\/v2\/pages"}],"about":[{"href":"http:\/\/www.juvesi.fi\/index.php?rest_route=\/wp\/v2\/types\/page"}],"author":[{"embeddable":true,"href":"http:\/\/www.juvesi.fi\/index.php?rest_route=\/wp\/v2\/users\/6"}],"replies":[{"embeddable":true,"href":"http:\/\/www.juvesi.fi\/index.php?rest_route=%2Fwp%2Fv2%2Fcomments&post=397"}],"version-history":[{"count":3,"href":"http:\/\/www.juvesi.fi\/index.php?rest_route=\/wp\/v2\/pages\/397\/revisions"}],"predecessor-version":[{"id":462,"href":"http:\/\/www.juvesi.fi\/index.php?rest_route=\/wp\/v2\/pages\/397\/revisions\/462"}],"wp:attachment":[{"href":"http:\/\/www.juvesi.fi\/index.php?rest_route=%2Fwp%2Fv2%2Fmedia&parent=397"}],"curies":[{"name":"wp","href":"https:\/\/api.w.org\/{rel}","templated":true}]}}