{"id":43,"date":"2018-08-19T10:39:40","date_gmt":"2018-08-19T08:39:40","guid":{"rendered":"http:\/\/www.juvesi.fi\/?page_id=43"},"modified":"2021-10-09T14:45:41","modified_gmt":"2021-10-09T12:45:41","slug":"mukaan-partioon","status":"publish","type":"page","link":"https:\/\/www.juvesi.fi\/?page_id=43","title":{"rendered":"Mukaan Partioon!"},"content":{"rendered":"<p>Kiinnostaako partio? Mahtavaa!<\/p>\n<p>Partio on monipuolinen harrastus kaiken ik\u00e4isille! Jukolan Veljet ja Siskot tarjoaa viikkoryhmi\u00e4 7-22-vuotiaille partiolaisille omissa ik\u00e4ryhmiss\u00e4\u00e4n, sek\u00e4 lis\u00e4ksi toimintaa my\u00f6s aikuisille Aikuispartio-ryhm\u00e4n muodossa, sek\u00e4 mahdollisuuden olla mukana mahdollistamassa toimintaa lapsille ja nuorille. Alle kouluik\u00e4isille on tarjolla perhepartiotoimintaa. Lis\u00e4tietoja eri ik\u00e4kausien toiminnasta l\u00f6yd\u00e4t sivulta\u00a0<a href=\"http:\/\/www.juvesi.fi\/?page_id=34\">Ryhmien toiminta<\/a><\/p>\n<p><a href=\"https:\/\/www.partio.fi\/tule-mukaan\/\">Lue lis\u00e4\u00e4 siit\u00e4 mit\u00e4 partio on<\/a><\/p>\n<p>Tutustu my\u00f6s sosiaalisen median sivuihimme niin n\u00e4et millaista meno meid\u00e4n lippukunnassa on.<br \/>\nJuVeSin <a href=\"https:\/\/www.facebook.com\/JukolanVeljetjaSiskot\">Facebook<\/a> ja <a href=\"https:\/\/www.instagram.com\/juvesi\/?hl=en\">Instagram<\/a><\/p>\n<p>Toimintaa voi tulla kokeilemaan kolmeksi kerraksi, ennen j\u00e4senyys-p\u00e4\u00e4t\u00f6ksen tekoa. Katso <a href=\"http:\/\/www.juvesi.fi\/?page_id=34\">Ryhmien toiminta<\/a> kohdasta viikkotoiminnan kalenteri ja ilmoittaudu mukaan alla olevasta linkist\u00e4<\/p>\n<p><a href=\"https:\/\/kuksa.partio.fi\/kotisivut\/jasenyys.aspx?id=9999230\">Ilmoittaudu Jukolan Veljien ja Siskojen j\u00e4seneksi<\/a><\/p>\n","protected":false},"excerpt":{"rendered":"<p>Kiinnostaako partio? Mahtavaa! Partio on monipuolinen harrastus kaiken ik\u00e4isille! Jukolan Veljet ja Siskot tarjoaa viikkoryhmi\u00e4 7-22-vuotiaille partiolaisille omissa ik\u00e4ryhmiss\u00e4\u00e4n, sek\u00e4 lis\u00e4ksi toimintaa my\u00f6s aikuisille Aikuispartio-ryhm\u00e4n&#8230;<\/p>\n","protected":false},"author":2,"featured_media":0,"parent":0,"menu_order":0,"comment_status":"closed","ping_status":"closed","template":"","meta":{"_exactmetrics_skip_tracking":false,"_exactmetrics_sitenote_active":false,"_exactmetrics_sitenote_note":"","_exactmetrics_sitenote_category":0,"footnotes":""},"_links":{"self":[{"href":"https:\/\/www.juvesi.fi\/index.php?rest_route=\/wp\/v2\/pages\/43"}],"collection":[{"href":"https:\/\/www.juvesi.fi\/index.php?rest_route=\/wp\/v2\/pages"}],"about":[{"href":"https:\/\/www.juvesi.fi\/index.php?rest_route=\/wp\/v2\/types\/page"}],"author":[{"embeddable":true,"href":"https:\/\/www.juvesi.fi\/index.php?rest_route=\/wp\/v2\/users\/2"}],"replies":[{"embeddable":true,"href":"https:\/\/www.juvesi.fi\/index.php?rest_route=%2Fwp%2Fv2%2Fcomments&post=43"}],"version-history":[{"count":6,"href":"https:\/\/www.juvesi.fi\/index.php?rest_route=\/wp\/v2\/pages\/43\/revisions"}],"predecessor-version":[{"id":364,"href":"https:\/\/www.juvesi.fi\/index.php?rest_route=\/wp\/v2\/pages\/43\/revisions\/364"}],"wp:attachment":[{"href":"https:\/\/www.juvesi.fi\/index.php?rest_route=%2Fwp%2Fv2%2Fmedia&parent=43"}],"curies":[{"name":"wp","href":"https:\/\/api.w.org\/{rel}","templated":true}]}}